
{"id":21,"date":"2013-01-12T12:24:13","date_gmt":"2013-01-12T12:24:13","guid":{"rendered":"http:\/\/new.lucasgunitec.com\/?page_id=21"},"modified":"2024-10-28T21:26:30","modified_gmt":"2024-10-28T21:26:30","slug":"como-te-puedo-ayudar","status":"publish","type":"page","link":"https:\/\/gunitec.com\/blog\/como-te-puedo-ayudar\/","title":{"rendered":"Como te puedo ayudar"},"content":{"rendered":"<p>Mi trabajo consiste en asesorar en proyectos de zonas de agua y la creaci\u00f3n de piscinas, balnearios o zonas spa.<\/p>\n<p>Consiste en crear zonas spa o balnearios sostenibles, la piscina de tu vida adaptada a tus necesidades, zonas de agua en hoteles, centros deportivos o complejos que sean rentables y autofinanciables&#8230;<\/p>\n<p>Vivimos en tiempos donde han cambiado muchos modelos de negocio y donde las piscinas, zonas spa y balnearios han de adaptarse y reinventarse para ofrecer siempre un valor a\u00f1adido y una diferenciaci\u00f3n con la competencia.<\/p>\n<p>Tambi\u00e9n vivimos en tiempos donde apenas disfrutamos de tiempo en casa y donde debemos adaptar las piscinas, zonas spa y balnearios a las necesidades de la familia.<\/p>\n<p class=\"text-center\">Puedes ponerte en contacto conmigo envi\u00e1ndome un email a<br \/>\n<a href=\"mailto:lucas@gunitec.com\">lucas@gunitec.com<\/a>.<\/p>\n<p class=\"m-0 p-0 text-center social\">Tambi\u00e9n puedes seguirme a trav\u00e9s de las redes sociales:<br \/>\n<i class=\"fab fa-facebook\"><\/i>\u00a0<i class=\"fab fa-instagram\"><\/i>\u00a0<i class=\"fab fa-linkedin\"><\/i>\u00a0<i class=\"fab fa-flickr\"><\/i>\u00a0 <i class=\"fab fa-youtube\"><\/i>\u00a0<i class=\"fab fa-pinterest\"><\/i><\/p>\n<p><!--\n\n\n<h2>Mis tutoriales<\/h2>\n\n\n\n\n<p class='text-center'><a href='https:\/\/www.youtube.com\/user\/GUNITEC' target='_blank' rel=\"noopener\"><i class=\"fab fa-youtube\"><\/i> Youtube: <\/a>Demos, tutoriales, presentaci\u00f3n de productos, making-off...<\/p>\n\n\n\n\n\n<h2>Suscr\u00edbete<\/h2>\n\n\n\n\n<div class=\"subscribe subscribe_light\" style=\"text-align: center;\">Via e-mail:[widgets_on_pages]<\/div>\n\n\n\n\n<p class=\"text-center\">Via lector RSS: <a href=\"https:\/\/feeds.feedburner.com\/gunitec\" rel=\"alternate\" type=\"application\/rss+xml\"><img style=\"vertical-align: middle; border: 0;\" src=\"https:\/\/www.feedburner.com\/fb\/images\/pub\/feed-icon16x16.png\" alt=\"\" \/>feeds.feedburner.com\/gunitec<\/a><\/p>\n\n\n --><\/p>\n<h2>Tiendapiscinas<\/h2>\n<p class=\"text-center mt-0 pt-0\">Si no te puedo ayudar, seguro que en nuestra tienda online o visitando el blog de mi hermano Marcos encontrar\u00e1s soluciones o ideas para tu piscina.<\/p>\n<p><a href=\"https:\/\/www.tiendapiscinas.com\" target=\"_blank\" rel=\"noopener\">Tiendapiscinas: <\/a> Nuestra tienda online con productos y soluciones para piscinas.<\/p>\n<p><a href=\"https:\/\/www.tiendapiscinas.com\/es\/smartblog.html\" target=\"_blank\" rel=\"noopener\">Blog Tiendapiscinas: <\/a> Blog de mi hermano Marcos. Actualidad en piscinas. Presentaciones, v\u00eddeos, fotos, novedades y an\u00e1lisis de los productos m\u00e1s interesantes para su piscina.<\/p>\n","protected":false},"excerpt":{"rendered":"<p>Mi trabajo consiste en asesorar en proyectos de zonas de agua y la creaci\u00f3n de piscinas, balnearios o zonas spa. Consiste en crear zonas spa o balnearios sostenibles, la piscina de tu vida adaptada a tus necesidades, zonas de agua en hoteles, centros deportivos o complejos que sean rentables y autofinanciables&#8230; Vivimos en tiempos donde [&hellip;]<\/p>\n","protected":false},"author":3,"featured_media":151,"parent":0,"menu_order":2,"comment_status":"open","ping_status":"closed","template":"","meta":{"_genesis_hide_title":false,"_genesis_hide_breadcrumbs":false,"_genesis_hide_singular_image":false,"_genesis_hide_footer_widgets":false,"_genesis_custom_body_class":"","_genesis_custom_post_class":"","_genesis_layout":""},"_links":{"self":[{"href":"https:\/\/gunitec.com\/blog\/wp-json\/wp\/v2\/pages\/21"}],"collection":[{"href":"https:\/\/gunitec.com\/blog\/wp-json\/wp\/v2\/pages"}],"about":[{"href":"https:\/\/gunitec.com\/blog\/wp-json\/wp\/v2\/types\/page"}],"author":[{"embeddable":true,"href":"https:\/\/gunitec.com\/blog\/wp-json\/wp\/v2\/users\/3"}],"replies":[{"embeddable":true,"href":"https:\/\/gunitec.com\/blog\/wp-json\/wp\/v2\/comments?post=21"}],"version-history":[{"count":60,"href":"https:\/\/gunitec.com\/blog\/wp-json\/wp\/v2\/pages\/21\/revisions"}],"predecessor-version":[{"id":1168,"href":"https:\/\/gunitec.com\/blog\/wp-json\/wp\/v2\/pages\/21\/revisions\/1168"}],"wp:featuredmedia":[{"embeddable":true,"href":"https:\/\/gunitec.com\/blog\/wp-json\/wp\/v2\/media\/151"}],"wp:attachment":[{"href":"https:\/\/gunitec.com\/blog\/wp-json\/wp\/v2\/media?parent=21"}],"curies":[{"name":"wp","href":"https:\/\/api.w.org\/{rel}","templated":true}]}}