
{"id":23,"date":"2013-01-12T12:33:53","date_gmt":"2013-01-12T12:33:53","guid":{"rendered":"http:\/\/new.lucasgunitec.com\/?page_id=23"},"modified":"2021-02-24T11:52:55","modified_gmt":"2021-02-24T11:52:55","slug":"gunitec","status":"publish","type":"page","link":"https:\/\/gunitec.com\/blog\/gunitec\/","title":{"rendered":"M\u00e1s de 3500 piscinas desde 1976"},"content":{"rendered":"<p class='mt-0 pt-0'>Gunitec fue fundada en el a\u00f1o 1976 por nuestro padre Marcos Gisbert Perez, el cual ha sido el gerente durante todos estos a\u00f1os y nosotros, Marcos, Maricruz y Lucas (sus hijos) somos la siguiente generaci\u00f3n de la empresa.<\/p>\n<p>Nuestra imagen de marca es David Ferrer, uno de los mejores tenistas del mundo. Como persona transmite los valores que nosotros humildemente queremos ofrecer y transmitir a nuestros clientes.<\/p>\n<p>Con m\u00e1s de 3.500 piscinas construidas, hemos intentado durante todos estos a\u00f1os innovar y ofrecer el mejor servicio posible en el sector de la construcci\u00f3n de piscinas de lujo y spas.<\/p>\n<p>Hemos sido premiados por diversos organismos en nuestro sector, el primer de ellos fue el premio a la Mejor Piscina en el sal\u00f3n Internacional de Piscina en Barcelona en el 1991 y el \u00faltimo de ellos fue el pasado 2011, elegida una de nuestras piscinas la Mejor Piscina Privada en Espa\u00f1a por la Revista Piscinas XXI.<\/p>\n<p>Creemos que una piscina es para toda una vida y que hay que personalizarla acorde con las necesidades de cada familia. Estar\u00edamos encantados de poder ayudarte a realizar la piscina de tu vida, \u00bfnos das la oportunidad?<\/p>\n<p>Puedes visitar nuestra web <a href='https:\/\/www.gunitec.com' target=\"_blank\" rel=\"noopener\">www.gunitec.com<\/a> donde encontrar\u00e1s m\u00e1s informaci\u00f3n espec\u00edfica de nuestra empresa y de lo que hacemos.<\/p>\n<p class=\"m-0 p-0 text-center social\">Otros sitios donde nos puedes encontrar: <br \/>\n\t  \t\t\t<a href=\"https:\/\/www.facebook.com\/gunitec\/\" class=\"\"><i class=\"fab fa-facebook\"><\/i><\/a>&nbsp; <a href=\"https:\/\/www.instagram.com\/gunitecpools\/\" class=\"\"><i class=\"fab fa-instagram\"><\/i><\/a>&nbsp;<a href=\"https:\/\/www.flickr.com\/photos\/gunitec\/\" class=\"\"><i class=\"fab fa-flickr\"><\/i><\/a>&nbsp; <a href=\"https:\/\/www.youtube.com\/user\/GUNITEC\/\" class=\"\"><i class=\"fab fa-youtube\"><\/i><\/a>&nbsp;<a href=\"https:\/\/www.pinterest.es\/lucasgunitec\/\" class=\"\"><i class=\"fab fa-pinterest\"><\/i><\/a>&nbsp;<\/p>\n<h2>Cont\u00e1ctanos<\/h2>\n<p>Si tienes alguna consulta, no dudes en contactar con nosotros, puedes hacerlo enviando un email a <a href=\"mailto:&#112;&#114;o&#121;&#101;ct&#111;&#115;&#064;&#103;&#117;&#110;&#105;&#116;&#101;&#099;.&#099;&#111;&#109;\">&#112;&#114;o&#121;&#101;ct&#111;&#115;&#064;&#103;&#117;&#110;&#105;&#116;&#101;&#099;.&#099;&#111;&#109;<\/a> <\/p>\n<\/div>\n<\/div>\n","protected":false},"excerpt":{"rendered":"<p>Gunitec fue fundada en el a\u00f1o 1976 por nuestro padre Marcos Gisbert Perez, el cual ha sido el gerente durante todos estos a\u00f1os y nosotros, Marcos, Maricruz y Lucas (sus hijos) somos la siguiente generaci\u00f3n de la empresa. Nuestra imagen de marca es David Ferrer, uno de los mejores tenistas del mundo. Como persona transmite [&hellip;]<\/p>\n","protected":false},"author":3,"featured_media":158,"parent":0,"menu_order":1,"comment_status":"open","ping_status":"open","template":"","meta":{"_genesis_hide_title":false,"_genesis_hide_breadcrumbs":false,"_genesis_hide_singular_image":false,"_genesis_hide_footer_widgets":false,"_genesis_custom_body_class":"","_genesis_custom_post_class":"","_genesis_layout":""},"_links":{"self":[{"href":"https:\/\/gunitec.com\/blog\/wp-json\/wp\/v2\/pages\/23"}],"collection":[{"href":"https:\/\/gunitec.com\/blog\/wp-json\/wp\/v2\/pages"}],"about":[{"href":"https:\/\/gunitec.com\/blog\/wp-json\/wp\/v2\/types\/page"}],"author":[{"embeddable":true,"href":"https:\/\/gunitec.com\/blog\/wp-json\/wp\/v2\/users\/3"}],"replies":[{"embeddable":true,"href":"https:\/\/gunitec.com\/blog\/wp-json\/wp\/v2\/comments?post=23"}],"version-history":[{"count":40,"href":"https:\/\/gunitec.com\/blog\/wp-json\/wp\/v2\/pages\/23\/revisions"}],"predecessor-version":[{"id":1161,"href":"https:\/\/gunitec.com\/blog\/wp-json\/wp\/v2\/pages\/23\/revisions\/1161"}],"wp:featuredmedia":[{"embeddable":true,"href":"https:\/\/gunitec.com\/blog\/wp-json\/wp\/v2\/media\/158"}],"wp:attachment":[{"href":"https:\/\/gunitec.com\/blog\/wp-json\/wp\/v2\/media?parent=23"}],"curies":[{"name":"wp","href":"https:\/\/api.w.org\/{rel}","templated":true}]}}