
{"id":318,"date":"2013-02-14T18:29:15","date_gmt":"2013-02-14T18:29:15","guid":{"rendered":"http:\/\/new.lucasgunitec.com\/?page_id=318"},"modified":"2021-02-23T12:19:46","modified_gmt":"2021-02-23T12:19:46","slug":"catalogo-piscinas-gunitec","status":"publish","type":"page","link":"https:\/\/gunitec.com\/blog\/catalogo-piscinas-gunitec\/","title":{"rendered":"Cat\u00e1logo Piscinas Gunitec"},"content":{"rendered":"<div class='row'>\n<div class='col-xs-12 col-sm-12'>\n\u00bfQuieres recibir nuestro cat\u00e1logo de piscinas?, solo tienes que rellenar los datos y te lo enviaremos por correo electr\u00f3nico.<\/p>\n<p>Esperamos que te sea de gran utilidad.<\/p>\n<div class='formulario-post'>\n<div role=\"form\" class=\"wpcf7\" id=\"wpcf7-f317-o1\" lang=\"en-US\" dir=\"ltr\">\n<div class=\"screen-reader-response\"><p role=\"status\" aria-live=\"polite\" aria-atomic=\"true\"><\/p> <ul><\/ul><\/div>\n<form action=\"\/blog\/wp-json\/wp\/v2\/pages\/318#wpcf7-f317-o1\" method=\"post\" class=\"wpcf7-form init\" novalidate=\"novalidate\" data-status=\"init\">\n<div style=\"display: none;\">\n<input type=\"hidden\" name=\"_wpcf7\" value=\"317\" \/>\n<input type=\"hidden\" name=\"_wpcf7_version\" value=\"5.3.2\" \/>\n<input type=\"hidden\" name=\"_wpcf7_locale\" value=\"en_US\" \/>\n<input type=\"hidden\" name=\"_wpcf7_unit_tag\" value=\"wpcf7-f317-o1\" \/>\n<input type=\"hidden\" name=\"_wpcf7_container_post\" value=\"0\" \/>\n<input type=\"hidden\" name=\"_wpcf7_posted_data_hash\" value=\"\" \/>\n<\/div>\n<p>Nombre*<br \/>\n    <span class=\"wpcf7-form-control-wrap your-name\"><input type=\"text\" name=\"your-name\" value=\"\" size=\"40\" class=\"wpcf7-form-control wpcf7-text wpcf7-validates-as-required\" aria-required=\"true\" aria-invalid=\"false\" \/><\/span> <\/p>\n<p>Email*<br \/>\n    <span class=\"wpcf7-form-control-wrap your-email\"><input type=\"email\" name=\"your-email\" value=\"\" size=\"40\" class=\"wpcf7-form-control wpcf7-text wpcf7-email wpcf7-validates-as-required wpcf7-validates-as-email\" aria-required=\"true\" aria-invalid=\"false\" \/><\/span> <\/p>\n<p>Tel\u00e9fono*<br \/>\n    <span class=\"wpcf7-form-control-wrap your-phone\"><input type=\"text\" name=\"your-phone\" value=\"\" size=\"40\" class=\"wpcf7-form-control wpcf7-text wpcf7-validates-as-required\" aria-required=\"true\" aria-invalid=\"false\" \/><\/span> <\/p>\n<p>Direcci\u00f3n*<br \/>\n    <span class=\"wpcf7-form-control-wrap your-address\"><input type=\"text\" name=\"your-address\" value=\"\" size=\"40\" class=\"wpcf7-form-control wpcf7-text wpcf7-validates-as-required\" aria-required=\"true\" aria-invalid=\"false\" \/><\/span> <\/p>\n<p>C\u00f3digo postal*<br \/>\n    <span class=\"wpcf7-form-control-wrap your-postalcode\"><input type=\"text\" name=\"your-postalcode\" value=\"\" size=\"40\" class=\"wpcf7-form-control wpcf7-text wpcf7-validates-as-required\" aria-required=\"true\" aria-invalid=\"false\" \/><\/span> <\/p>\n<p>Escribe el c\u00f3digo*:<br \/>\n<input type=\"hidden\" name=\"_wpcf7_captcha_challenge_captcha-666\" value=\"787316024\" \/><img class=\"wpcf7-form-control wpcf7-captchac wpcf7-captcha-captcha-666\" width=\"72\" height=\"24\" alt=\"captcha\" src=\"https:\/\/gunitec.com\/blog\/cont\/uploads\/wpcf7_captcha\/787316024.png\" \/> <span class=\"wpcf7-form-control-wrap captcha-666\"><input type=\"text\" name=\"captcha-666\" value=\"\" size=\"40\" class=\"wpcf7-form-control wpcf7-captchar\" autocomplete=\"off\" aria-invalid=\"false\" \/><\/span> <\/p>\n<div class='legal'>\n<p>\n<strong>Responsable:<\/strong> GUNITEC POOL SPA, S.L.<br \/>\n<strong>Finalidad:<\/strong> Gesti\u00f3n del formulario de contacto y de nuestro blog de noticias.<br \/>\n<strong>Legitimaci\u00f3n:<\/strong> Consentimiento expreso prestado al marcar \u201cHe le\u00eddo y acepto la pol\u00edtica de<br \/>\nprivacidad\u201d.<br \/>\n<strong>Destinatarios:<\/strong> Cesiones y\/o transferencias a terceras empresas y\/o organismos tal y como se<br \/>\nindica en la informaci\u00f3n adicional.<br \/>\n<strong>Derechos:<\/strong> Acceso, rectificaci\u00f3n, oposici\u00f3n, limitaci\u00f3n, as\u00ed como otros derechos debidamente recogidos en la informaci\u00f3n adicional.<br \/>\nPuede consultar informaci\u00f3n adicional al respecto a trav\u00e9s del siguiente enlace <a href='https:\/\/gunitec.com\/legal_aviso_privacidad.php'>Aviso legal y Pol\u00edtica de privacidad.<\/a>.\n<\/p>\n<\/div>\n<p class='no-margin'>\n<span class=\"wpcf7-form-control-wrap acceptance-556\"><span class=\"wpcf7-form-control wpcf7-acceptance\"><span class=\"wpcf7-list-item\"><input type=\"checkbox\" name=\"acceptance-556\" value=\"1\" aria-invalid=\"false\" \/><\/span><\/span><\/span> Acepto las condiciones legales*&nbsp;&nbsp;&nbsp;<input type=\"submit\" value=\"Enviar\" class=\"wpcf7-form-control wpcf7-submit\" \/><\/p>\n<p style='padding:0;margin:0'>\n<span class='required'>(*) Datos requeridos<\/span><\/p>\n<div class=\"wpcf7-response-output\" aria-hidden=\"true\"><\/div><\/form><\/div>\n<\/div>\n","protected":false},"excerpt":{"rendered":"<p>\u00bfQuieres recibir nuestro cat\u00e1logo de piscinas?, solo tienes que rellenar los datos y te lo enviaremos por correo electr\u00f3nico. Esperamos que te sea de gran utilidad.<\/p>\n","protected":false},"author":3,"featured_media":1150,"parent":0,"menu_order":2,"comment_status":"closed","ping_status":"closed","template":"","meta":{"_genesis_hide_title":false,"_genesis_hide_breadcrumbs":false,"_genesis_hide_singular_image":false,"_genesis_hide_footer_widgets":false,"_genesis_custom_body_class":"","_genesis_custom_post_class":"","_genesis_layout":""},"_links":{"self":[{"href":"https:\/\/gunitec.com\/blog\/wp-json\/wp\/v2\/pages\/318"}],"collection":[{"href":"https:\/\/gunitec.com\/blog\/wp-json\/wp\/v2\/pages"}],"about":[{"href":"https:\/\/gunitec.com\/blog\/wp-json\/wp\/v2\/types\/page"}],"author":[{"embeddable":true,"href":"https:\/\/gunitec.com\/blog\/wp-json\/wp\/v2\/users\/3"}],"replies":[{"embeddable":true,"href":"https:\/\/gunitec.com\/blog\/wp-json\/wp\/v2\/comments?post=318"}],"version-history":[{"count":24,"href":"https:\/\/gunitec.com\/blog\/wp-json\/wp\/v2\/pages\/318\/revisions"}],"predecessor-version":[{"id":323,"href":"https:\/\/gunitec.com\/blog\/wp-json\/wp\/v2\/pages\/318\/revisions\/323"}],"wp:featuredmedia":[{"embeddable":true,"href":"https:\/\/gunitec.com\/blog\/wp-json\/wp\/v2\/media\/1150"}],"wp:attachment":[{"href":"https:\/\/gunitec.com\/blog\/wp-json\/wp\/v2\/media?parent=318"}],"curies":[{"name":"wp","href":"https:\/\/api.w.org\/{rel}","templated":true}]}}